{"id":715,"date":"2022-07-07T13:24:15","date_gmt":"2022-07-07T13:24:15","guid":{"rendered":"https:\/\/maheshmusic.hu\/zenek\/"},"modified":"2024-11-08T09:26:54","modified_gmt":"2024-11-08T08:26:54","slug":"zenek-3","status":"publish","type":"page","link":"https:\/\/maheshmusic.hu\/en\/zenek-3\/","title":{"rendered":"Musics"},"content":{"rendered":"\t\t<div data-elementor-type=\"wp-page\" data-elementor-id=\"715\" class=\"elementor elementor-715 elementor-34\" data-elementor-post-type=\"page\">\n\t\t\t\t<div class=\"elementor-element elementor-element-73fdfe1 e-flex e-con-boxed e-con e-parent\" data-id=\"73fdfe1\" data-element_type=\"container\" data-e-type=\"container\">\n\t\t\t\t\t<div class=\"e-con-inner\">\n\t\t\t\t<div class=\"elementor-element elementor-element-93e6150 elementor-widget elementor-widget-heading\" data-id=\"93e6150\" data-element_type=\"widget\" data-e-type=\"widget\" data-widget_type=\"heading.default\">\n\t\t\t\t<div class=\"elementor-widget-container\">\n\t\t\t\t\t<h2 class=\"elementor-heading-title elementor-size-default\">Welcome with love!<\/h2>\t\t\t\t<\/div>\n\t\t\t\t<\/div>\n\t\t\t\t<div class=\"elementor-element elementor-element-6b98fb5 elementor-widget elementor-widget-text-editor\" data-id=\"6b98fb5\" data-element_type=\"widget\" data-e-type=\"widget\" data-widget_type=\"text-editor.default\">\n\t\t\t\t<div class=\"elementor-widget-container\">\n\t\t\t\t\t\t\t\t\t<p>Thank you for being! \u2764\ufe0f<\/p>\t\t\t\t\t\t\t\t<\/div>\n\t\t\t\t<\/div>\n\t\t\t\t\t<\/div>\n\t\t\t\t<\/div>\n\t\t<div class=\"elementor-element elementor-element-c7a5b10 e-flex e-con-boxed e-con e-parent\" data-id=\"c7a5b10\" data-element_type=\"container\" data-e-type=\"container\">\n\t\t\t\t\t<div class=\"e-con-inner\">\n\t\t\t\t<div class=\"elementor-element elementor-element-e438eb3 elementor-widget elementor-widget-heading\" data-id=\"e438eb3\" data-element_type=\"widget\" data-e-type=\"widget\" data-widget_type=\"heading.default\">\n\t\t\t\t<div class=\"elementor-widget-container\">\n\t\t\t\t\t<h2 class=\"elementor-heading-title elementor-size-default\">Listen to the songs!<\/h2>\t\t\t\t<\/div>\n\t\t\t\t<\/div>\n\t\t\t\t<div class=\"elementor-element elementor-element-5579d6a elementor-widget elementor-widget-shortcode\" data-id=\"5579d6a\" data-element_type=\"widget\" data-e-type=\"widget\" data-widget_type=\"shortcode.default\">\n\t\t\t\t<div class=\"elementor-widget-container\">\n\t\t\t\t\t\t\t<div class=\"elementor-shortcode\"><div id=\"audioigniter-88\" class=\"audioigniter-root \" data-player-type=\"full\" data-tracks-url=\"https:\/\/maheshmusic.hu\/en\/?audioigniter_playlist_id=88\" data-display-track-no=\"true\" data-reverse-track-order=\"false\" data-display-tracklist-covers=\"true\" data-display-active-cover=\"true\" data-display-artist-names=\"true\" data-display-buy-buttons=\"true\" data-buy-buttons-target=\"true\" data-cycle-tracks=\"false\" data-display-credits=\"false\" data-display-tracklist=\"true\" data-allow-tracklist-toggle=\"true\" data-allow-tracklist-loop=\"true\" data-limit-tracklist-height=\"true\" data-volume=\"100\" data-tracklist-height=\"485\" ><\/div><\/div>\n\t\t\t\t\t\t<\/div>\n\t\t\t\t<\/div>\n\t\t\t\t\t<\/div>\n\t\t\t\t<\/div>\n\t\t<div class=\"elementor-element elementor-element-813c2da e-flex e-con-boxed e-con e-parent\" data-id=\"813c2da\" data-element_type=\"container\" data-e-type=\"container\">\n\t\t\t\t\t<div class=\"e-con-inner\">\n\t\t<div class=\"elementor-element elementor-element-b42f846 e-con-full e-flex e-con e-child\" data-id=\"b42f846\" data-element_type=\"container\" data-e-type=\"container\">\n\t\t\t\t<div class=\"elementor-element elementor-element-f6e8dbe elementor-widget elementor-widget-heading\" data-id=\"f6e8dbe\" data-element_type=\"widget\" data-e-type=\"widget\" data-widget_type=\"heading.default\">\n\t\t\t\t<div class=\"elementor-widget-container\">\n\t\t\t\t\t<h3 class=\"elementor-heading-title elementor-size-default\">Purchase a disc in CD+MP3 format:<\/h3>\t\t\t\t<\/div>\n\t\t\t\t<\/div>\n\t\t\t\t<div class=\"elementor-element elementor-element-88cb56f elementor-widget elementor-widget-image\" data-id=\"88cb56f\" data-element_type=\"widget\" data-e-type=\"widget\" data-widget_type=\"image.default\">\n\t\t\t\t<div class=\"elementor-widget-container\">\n\t\t\t\t\t\t\t\t\t\t\t\t\t\t\t<img fetchpriority=\"high\" decoding=\"async\" width=\"800\" height=\"390\" src=\"https:\/\/maheshmusic.hu\/wp-content\/uploads\/2022\/08\/mahesh-teljes-cd-lemez-1024x499.jpg\" class=\"attachment-large size-large wp-image-682\" alt=\"\" srcset=\"https:\/\/maheshmusic.hu\/wp-content\/uploads\/2022\/08\/mahesh-teljes-cd-lemez-1024x499.jpg 1024w, https:\/\/maheshmusic.hu\/wp-content\/uploads\/2022\/08\/mahesh-teljes-cd-lemez-300x146.jpg 300w, https:\/\/maheshmusic.hu\/wp-content\/uploads\/2022\/08\/mahesh-teljes-cd-lemez-768x374.jpg 768w, https:\/\/maheshmusic.hu\/wp-content\/uploads\/2022\/08\/mahesh-teljes-cd-lemez-1536x748.jpg 1536w, https:\/\/maheshmusic.hu\/wp-content\/uploads\/2022\/08\/mahesh-teljes-cd-lemez-600x292.jpg 600w, https:\/\/maheshmusic.hu\/wp-content\/uploads\/2022\/08\/mahesh-teljes-cd-lemez.jpg 2048w\" sizes=\"(max-width: 800px) 100vw, 800px\" \/>\t\t\t\t\t\t\t\t\t\t\t\t\t\t\t<\/div>\n\t\t\t\t<\/div>\n\t\t\t\t<\/div>\n\t\t<div class=\"elementor-element elementor-element-2841a63 e-con-full e-flex e-con e-child\" data-id=\"2841a63\" data-element_type=\"container\" data-e-type=\"container\">\n\t\t\t\t<div class=\"elementor-element elementor-element-10b5e9b elementor-widget elementor-widget-heading\" data-id=\"10b5e9b\" data-element_type=\"widget\" data-e-type=\"widget\" data-widget_type=\"heading.default\">\n\t\t\t\t<div class=\"elementor-widget-container\">\n\t\t\t\t\t<span class=\"elementor-heading-title elementor-size-default\">Price: <span class=\"woocommerce-Price-amount amount\"><bdi>5900&nbsp;<span class=\"woocommerce-Price-currencySymbol\">Ft<\/span><\/bdi><\/span><\/span>\t\t\t\t<\/div>\n\t\t\t\t<\/div>\n\t\t\t\t<div class=\"elementor-element elementor-element-602b3f1 elementor-add-to-cart--layout-auto elementor-widget elementor-widget-wc-add-to-cart\" data-id=\"602b3f1\" data-element_type=\"widget\" data-e-type=\"widget\" data-widget_type=\"wc-add-to-cart.default\">\n\t\t\t\t<div class=\"elementor-widget-container\">\n\t\t\t\t\t\n\t\n\t<form class=\"cart\" action=\"https:\/\/maheshmusic.hu\/en\/shop\/mahesh-vasudeva-the-light-within\/\" method=\"post\" enctype='multipart\/form-data'>\n\t\t<div class=\"nyp\" data-hide-minimum=\"\" data-min-price=\"5900\" data-max-price=\"\" data-initial-price=\"\" data-minimum-error=\"Please enter at least %%MINIMUM%%.\" data-hide-minimum-error=\"Please enter a higher amount.\" data-maximum-error=\"Please enter less than or equal to %%MAXIMUM%%.\" data-empty-error=\"Please enter an amount.\"  > \n\t\n\t\t\n\t\t<label for=\"nyp-1\">Adj amennyit \u00c9rzel - Give, what you feel <span class=\"woocommerce-Price-currencySymbol\">( Ft )<\/span><\/label>\n\n\t\t\n\t\t<input\n\t\t\ttype=\"text\"\n\t\t\tid=\"nyp-1\"\n\t\t\tclass=\"input-text amount nyp-input text\"\n\t\t\tname=\"nyp\"\n\t\t\tvalue=\"\"\n\t\t\ttitle=\"Adj amennyit \u00c9rzel - Give, what you feel ( Ft )\"\n\t\t\tplaceholder=\"\"\n\n\t\t\tinputmode=\"decimal\" \t\t\/>\n\n\t\t<input type=\"hidden\" name=\"update-price\" value=\"\" \/>\n\t\t<input type=\"hidden\" name=\"_nypnonce\" value=\"\" \/>\t\n\n\t<p id=\"nyp-minimum-price-1\" class=\"minimum-price nyp-terms\">\n\tMinimum \u00e1r - Minimum price: <span class=\"woocommerce-Price-amount amount\"><bdi>5900&nbsp;<span class=\"woocommerce-Price-currencySymbol\">Ft<\/span><\/bdi><\/span><\/p>\n\n<div id=\"nyp-error-1\" class=\"woocommerce-nyp-message\" aria-live=\"assertive\" style=\"display: none\"><\/div>\n<\/div>\n\n\t\t\n\n\t\t\t\t<div class=\"e-atc-qty-button-holder\">\n\t\t<div class=\"quantity\">\n\t\t<label class=\"screen-reader-text\" for=\"quantity_69e0d3a163216\">Mahesh: Vasudeva - The Light Within CD quantity<\/label>\n\t<input\n\t\ttype=\"number\"\n\t\t\t\tid=\"quantity_69e0d3a163216\"\n\t\tclass=\"input-text qty text\"\n\t\tname=\"quantity\"\n\t\tvalue=\"1\"\n\t\taria-label=\"Product quantity\"\n\t\t\t\tmin=\"1\"\n\t\t\t\t\t\t\tstep=\"1\"\n\t\t\tplaceholder=\"\"\n\t\t\tinputmode=\"numeric\"\n\t\t\tautocomplete=\"off\"\n\t\t\t\/>\n\t<\/div>\n\n\t\t<button type=\"submit\" name=\"add-to-cart\" value=\"341\" class=\"single_add_to_cart_button elementor-button button alt\">\t\t<span class=\"elementor-button-content-wrapper\">\n\t\t\t\t\t\t<span class=\"elementor-button-icon\">\n\t\t\t\t<svg aria-hidden=\"true\" class=\"e-font-icon-svg e-fas-shopping-cart\" viewBox=\"0 0 576 512\" xmlns=\"http:\/\/www.w3.org\/2000\/svg\"><path d=\"M528.12 301.319l47.273-208C578.806 78.301 567.391 64 551.99 64H159.208l-9.166-44.81C147.758 8.021 137.93 0 126.529 0H24C10.745 0 0 10.745 0 24v16c0 13.255 10.745 24 24 24h69.883l70.248 343.435C147.325 417.1 136 435.222 136 456c0 30.928 25.072 56 56 56s56-25.072 56-56c0-15.674-6.447-29.835-16.824-40h209.647C430.447 426.165 424 440.326 424 456c0 30.928 25.072 56 56 56s56-25.072 56-56c0-22.172-12.888-41.332-31.579-50.405l5.517-24.276c3.413-15.018-8.002-29.319-23.403-29.319H218.117l-6.545-32h293.145c11.206 0 20.92-7.754 23.403-18.681z\"><\/path><\/svg>\t\t\t<\/span>\n\t\t\t\t\t\t\t\t\t<span class=\"elementor-button-text\">Kos\u00e1rba<\/span>\n\t\t\t\t\t<\/span>\n\t\t<\/button>\n\n\t\t\t\t<\/div>\n\t\t\t<\/form>\n\n\t\n\t\t\t\t<\/div>\n\t\t\t\t<\/div>\n\t\t\t\t<\/div>\n\t\t\t\t\t<\/div>\n\t\t\t\t<\/div>\n\t\t<div class=\"elementor-element elementor-element-4e1c736 e-flex e-con-boxed e-con e-parent\" data-id=\"4e1c736\" data-element_type=\"container\" data-e-type=\"container\">\n\t\t\t\t\t<div class=\"e-con-inner\">\n\t\t<div class=\"elementor-element elementor-element-b220803 e-con-full e-flex e-con e-child\" data-id=\"b220803\" data-element_type=\"container\" data-e-type=\"container\">\n\t\t\t\t<div class=\"elementor-element elementor-element-05b6adf elementor-widget elementor-widget-heading\" data-id=\"05b6adf\" data-element_type=\"widget\" data-e-type=\"widget\" data-widget_type=\"heading.default\">\n\t\t\t\t<div class=\"elementor-widget-container\">\n\t\t\t\t\t<h3 class=\"elementor-heading-title elementor-size-default\">Purchase a record in MP3 format:<\/h3>\t\t\t\t<\/div>\n\t\t\t\t<\/div>\n\t\t\t\t<div class=\"elementor-element elementor-element-a7b9202 elementor-widget elementor-widget-image\" data-id=\"a7b9202\" data-element_type=\"widget\" data-e-type=\"widget\" data-widget_type=\"image.default\">\n\t\t\t\t<div class=\"elementor-widget-container\">\n\t\t\t\t\t\t\t\t\t\t\t\t\t\t\t<img fetchpriority=\"high\" decoding=\"async\" width=\"800\" height=\"390\" src=\"https:\/\/maheshmusic.hu\/wp-content\/uploads\/2022\/08\/mahesh-teljes-cd-lemez-1024x499.jpg\" class=\"attachment-large size-large wp-image-682\" alt=\"\" srcset=\"https:\/\/maheshmusic.hu\/wp-content\/uploads\/2022\/08\/mahesh-teljes-cd-lemez-1024x499.jpg 1024w, https:\/\/maheshmusic.hu\/wp-content\/uploads\/2022\/08\/mahesh-teljes-cd-lemez-300x146.jpg 300w, https:\/\/maheshmusic.hu\/wp-content\/uploads\/2022\/08\/mahesh-teljes-cd-lemez-768x374.jpg 768w, https:\/\/maheshmusic.hu\/wp-content\/uploads\/2022\/08\/mahesh-teljes-cd-lemez-1536x748.jpg 1536w, https:\/\/maheshmusic.hu\/wp-content\/uploads\/2022\/08\/mahesh-teljes-cd-lemez-600x292.jpg 600w, https:\/\/maheshmusic.hu\/wp-content\/uploads\/2022\/08\/mahesh-teljes-cd-lemez.jpg 2048w\" sizes=\"(max-width: 800px) 100vw, 800px\" \/>\t\t\t\t\t\t\t\t\t\t\t\t\t\t\t<\/div>\n\t\t\t\t<\/div>\n\t\t\t\t<\/div>\n\t\t<div class=\"elementor-element elementor-element-2a24311 e-con-full e-flex e-con e-child\" data-id=\"2a24311\" data-element_type=\"container\" data-e-type=\"container\">\n\t\t\t\t<div class=\"elementor-element elementor-element-640aef8 elementor-widget elementor-widget-heading\" data-id=\"640aef8\" data-element_type=\"widget\" data-e-type=\"widget\" data-widget_type=\"heading.default\">\n\t\t\t\t<div class=\"elementor-widget-container\">\n\t\t\t\t\t<span class=\"elementor-heading-title elementor-size-default\">\u00c1r: <span class=\"woocommerce-Price-amount amount\"><bdi>4000&nbsp;<span class=\"woocommerce-Price-currencySymbol\">Ft<\/span><\/bdi><\/span><\/span>\t\t\t\t<\/div>\n\t\t\t\t<\/div>\n\t\t\t\t<div class=\"elementor-element elementor-element-10e3147 elementor-add-to-cart--layout-auto elementor-widget elementor-widget-wc-add-to-cart\" data-id=\"10e3147\" data-element_type=\"widget\" data-e-type=\"widget\" data-widget_type=\"wc-add-to-cart.default\">\n\t\t\t\t<div class=\"elementor-widget-container\">\n\t\t\t\t\t\n\t\n\t<form class=\"cart\" action=\"https:\/\/maheshmusic.hu\/en\/shop\/mahesh-vasudeva-the-light-within-mp3\/\" method=\"post\" enctype='multipart\/form-data'>\n\t\t<div class=\"nyp\" data-hide-minimum=\"\" data-min-price=\"4000\" data-max-price=\"\" data-initial-price=\"\" data-minimum-error=\"Please enter at least %%MINIMUM%%.\" data-hide-minimum-error=\"Please enter a higher amount.\" data-maximum-error=\"Please enter less than or equal to %%MAXIMUM%%.\" data-empty-error=\"Please enter an amount.\"  > \n\t\n\t\t\n\t\t<label for=\"nyp-2\">Adj amennyit \u00c9rzel - Give, what you feel <span class=\"woocommerce-Price-currencySymbol\">( Ft )<\/span><\/label>\n\n\t\t\n\t\t<input\n\t\t\ttype=\"text\"\n\t\t\tid=\"nyp-2\"\n\t\t\tclass=\"input-text amount nyp-input text\"\n\t\t\tname=\"nyp\"\n\t\t\tvalue=\"\"\n\t\t\ttitle=\"Adj amennyit \u00c9rzel - Give, what you feel ( Ft )\"\n\t\t\tplaceholder=\"\"\n\n\t\t\tinputmode=\"decimal\" \t\t\/>\n\n\t\t<input type=\"hidden\" name=\"update-price\" value=\"\" \/>\n\t\t<input type=\"hidden\" name=\"_nypnonce\" value=\"\" \/>\t\n\n\t<p id=\"nyp-minimum-price-2\" class=\"minimum-price nyp-terms\">\n\tMinimum \u00e1r - Minimum price: <span class=\"woocommerce-Price-amount amount\"><bdi>4000&nbsp;<span class=\"woocommerce-Price-currencySymbol\">Ft<\/span><\/bdi><\/span><\/p>\n\n<div id=\"nyp-error-2\" class=\"woocommerce-nyp-message\" aria-live=\"assertive\" style=\"display: none\"><\/div>\n<\/div>\n\n\t\t\n\n\t\t\t\t<div class=\"e-atc-qty-button-holder\">\n\t\t<div class=\"quantity\">\n\t\t<label class=\"screen-reader-text\" for=\"quantity_69e0d3a164d43\">Mahesh: Vasudeva \u2013 The Light Within MP3 quantity<\/label>\n\t<input\n\t\ttype=\"number\"\n\t\t\t\tid=\"quantity_69e0d3a164d43\"\n\t\tclass=\"input-text qty text\"\n\t\tname=\"quantity\"\n\t\tvalue=\"1\"\n\t\taria-label=\"Product quantity\"\n\t\t\t\tmin=\"1\"\n\t\t\t\t\t\t\tstep=\"1\"\n\t\t\tplaceholder=\"\"\n\t\t\tinputmode=\"numeric\"\n\t\t\tautocomplete=\"off\"\n\t\t\t\/>\n\t<\/div>\n\n\t\t<button type=\"submit\" name=\"add-to-cart\" value=\"761\" class=\"single_add_to_cart_button elementor-button button alt\">\t\t<span class=\"elementor-button-content-wrapper\">\n\t\t\t\t\t\t<span class=\"elementor-button-icon\">\n\t\t\t\t<svg aria-hidden=\"true\" class=\"e-font-icon-svg e-fas-shopping-cart\" viewBox=\"0 0 576 512\" xmlns=\"http:\/\/www.w3.org\/2000\/svg\"><path d=\"M528.12 301.319l47.273-208C578.806 78.301 567.391 64 551.99 64H159.208l-9.166-44.81C147.758 8.021 137.93 0 126.529 0H24C10.745 0 0 10.745 0 24v16c0 13.255 10.745 24 24 24h69.883l70.248 343.435C147.325 417.1 136 435.222 136 456c0 30.928 25.072 56 56 56s56-25.072 56-56c0-15.674-6.447-29.835-16.824-40h209.647C430.447 426.165 424 440.326 424 456c0 30.928 25.072 56 56 56s56-25.072 56-56c0-22.172-12.888-41.332-31.579-50.405l5.517-24.276c3.413-15.018-8.002-29.319-23.403-29.319H218.117l-6.545-32h293.145c11.206 0 20.92-7.754 23.403-18.681z\"><\/path><\/svg>\t\t\t<\/span>\n\t\t\t\t\t\t\t\t\t<span class=\"elementor-button-text\">Kos\u00e1rba<\/span>\n\t\t\t\t\t<\/span>\n\t\t<\/button>\n\n\t\t\t\t<\/div>\n\t\t\t<\/form>\n\n\t\n\t\t\t\t<\/div>\n\t\t\t\t<\/div>\n\t\t\t\t<\/div>\n\t\t\t\t\t<\/div>\n\t\t\t\t<\/div>\n\t\t\t\t<\/div>\n\t\t","protected":false},"excerpt":{"rendered":"<p>Welcome with love! Thank you for being! \u2764\ufe0f Listen to the songs! Purchase a disc in CD+MP3 format: Adj amennyit \u00c9rzel &#8211; Give, what you feel ( Ft ) Minimum \u00e1r &#8211; Minimum price: Ft5.900,00 Mahesh: Vasudeva &#8211; The Light Within CD mennyis\u00e9g Kos\u00e1rba Purchase a record in MP3 format: Adj amennyit \u00c9rzel &#8211; Give, [&hellip;]<\/p>\n","protected":false},"author":1,"featured_media":0,"parent":0,"menu_order":0,"comment_status":"closed","ping_status":"closed","template":"elementor_header_footer","meta":{"footnotes":""},"class_list":["post-715","page","type-page","status-publish","hentry"],"_links":{"self":[{"href":"https:\/\/maheshmusic.hu\/en\/wp-json\/wp\/v2\/pages\/715","targetHints":{"allow":["GET"]}}],"collection":[{"href":"https:\/\/maheshmusic.hu\/en\/wp-json\/wp\/v2\/pages"}],"about":[{"href":"https:\/\/maheshmusic.hu\/en\/wp-json\/wp\/v2\/types\/page"}],"author":[{"embeddable":true,"href":"https:\/\/maheshmusic.hu\/en\/wp-json\/wp\/v2\/users\/1"}],"replies":[{"embeddable":true,"href":"https:\/\/maheshmusic.hu\/en\/wp-json\/wp\/v2\/comments?post=715"}],"version-history":[{"count":84,"href":"https:\/\/maheshmusic.hu\/en\/wp-json\/wp\/v2\/pages\/715\/revisions"}],"predecessor-version":[{"id":1751,"href":"https:\/\/maheshmusic.hu\/en\/wp-json\/wp\/v2\/pages\/715\/revisions\/1751"}],"wp:attachment":[{"href":"https:\/\/maheshmusic.hu\/en\/wp-json\/wp\/v2\/media?parent=715"}],"curies":[{"name":"wp","href":"https:\/\/api.w.org\/{rel}","templated":true}]}}