{"id":787,"date":"2022-07-07T13:16:28","date_gmt":"2022-07-07T13:16:28","guid":{"rendered":"https:\/\/maheshmusic.hu\/?page_id=787"},"modified":"2024-11-07T15:17:10","modified_gmt":"2024-11-07T14:17:10","slug":"mahajoga","status":"publish","type":"page","link":"https:\/\/maheshmusic.hu\/en\/mahajoga\/","title":{"rendered":"Mahaj\u00f3ga"},"content":{"rendered":"\t\t<div data-elementor-type=\"wp-page\" data-elementor-id=\"787\" class=\"elementor elementor-787 elementor-18\" data-elementor-post-type=\"page\">\n\t\t\t\t<div class=\"elementor-element elementor-element-eb908a6 e-flex e-con-boxed e-con e-parent\" data-id=\"eb908a6\" data-element_type=\"container\" data-e-type=\"container\">\n\t\t\t\t\t<div class=\"e-con-inner\">\n\t\t<div class=\"elementor-element elementor-element-18756c8 e-con-full e-flex e-con e-child\" data-id=\"18756c8\" data-element_type=\"container\" data-e-type=\"container\">\n\t\t\t\t<div class=\"elementor-element elementor-element-b3ffd7a elementor-widget elementor-widget-heading\" data-id=\"b3ffd7a\" data-element_type=\"widget\" data-e-type=\"widget\" data-widget_type=\"heading.default\">\n\t\t\t\t<div class=\"elementor-widget-container\">\n\t\t\t\t\t<h2 class=\"elementor-heading-title elementor-size-default\">Mahaj\u00f3ga, Siddhaj\u00f3ga, Guruj\u00f3ga<\/h2>\t\t\t\t<\/div>\n\t\t\t\t<\/div>\n\t\t\t\t<div class=\"elementor-element elementor-element-d0e57d8 elementor-widget elementor-widget-text-editor\" data-id=\"d0e57d8\" data-element_type=\"widget\" data-e-type=\"widget\" data-widget_type=\"text-editor.default\">\n\t\t\t\t<div class=\"elementor-widget-container\">\n\t\t\t\t\t\t\t\t\t<p>Az \u00fat amely megv\u00e1ltoztatta az \u00e9letemet a kundalini utak egyike. Annyiban k\u00fcl\u00f6nb\u00f6zik a manaps\u00e1g sz\u00e9lesebb k\u00f6rben ismert \u201ckundalini j\u00f3g\u00e1t\u00f3l\u201d, hogy ez egy teljesen spont\u00e1n j\u00f3ga.<\/p><p>Az elind\u00edt\u00f3ja az \u00fagynevezett \u201cshaktipat\u201d amely energia\u00e1tad\u00e1st jelent. Amikor a tan\u00edtv\u00e1ny k\u00e9szen \u00e1ll, megjelenik a mester. Ez a mester lehet fizikai szem\u00e9ly, vagy egy mester valamely m\u00e1sik dimenzi\u00f3b\u00f3l, a l\u00e9nyeg, hogy a tal\u00e1lkoz\u00e1skor a \u201ctan\u00edtv\u00e1ny\u201d egy energia l\u00f6ketet kap (k\u00f6nyv\u00f6n, pillant\u00e1son, \u00e9rint\u00e9sen, hangon kereszt\u00fcl), amennyiben nyitott, \u00e9s ez\u00e1ltal egy bepillant\u00e1st az univerzum igazs\u00e1g\u00e1ba. Az univerzum teljes tud\u00e1sa felt\u00e1rul el\u0151tte, ismertt\u00e9 v\u00e1lnak a mantr\u00e1k, az \u00e1sz\u00e1nak, a l\u00e9gz\u0151gyakorlatok, az univerzum szakr\u00e1lis sz\u00f6vete, \u00e9s mindez semmilyen el\u0151zetes intellektu\u00e1lis tanul\u00e1s n\u00e9lk\u00fcl.<\/p><p>Hogy ki \u201cjogosult\u201d erre a csod\u00e1ra, azt nem a jelenlegi \u00e9let\u00fcnkben el\u00e9rt poz\u00edci\u00f3, t\u00e1rsadalmi helyzet, vagy spiritu\u00e1lis gyakorl\u00e1s hat\u00e1rozza meg, hanem a l\u00e9lek evol\u00faci\u00f3s folyamata. Az is lehet, hogy valaki 40 \u00e9ve gyakorol, \u00e9s medit\u00e1l, m\u00e9gsem tudja befogadni a shaktiptot, s\u0151t nem \u00e9rez semmit a mester jelenl\u00e9t\u00e9ben, m\u00edg m\u00e1s soha nem is hallott a spiritualit\u00e1sr\u00f3l, m\u00e9gis egy pillant\u00e1s el\u00e9g a mestert\u0151l, \u00e9s fel\u00e9bred benne az \u0151si tud\u00e1s.<\/p><p>Legt\u00f6bbsz\u00f6r ez csak egy bepillant\u00e1s \u00e9s egy folyamat kezdete, ahol a fel\u00e9bredt kundalini energia, kezdetben ak\u00e1r a k\u00fcls\u0151 mester ir\u00e1nymutat\u00e1s\u00e1val elkezdi \u00e1talak\u00edtani a tan\u00edtv\u00e1ny \u00e9let\u00e9t. Elkezd\u0151dik a kis elk\u00fcl\u00f6n\u00fclt l\u00e9tez\u0151 egy\u00e9ni energiarendszer\u00e9nek harmoniz\u00e1l\u00e1sa az univerzum ritmus\u00e1val.<\/p><p>Min\u00e9l ink\u00e1bb k\u00e9pes a tan\u00edtv\u00e1ny \u00e1tadni mag\u00e1t, ann\u00e1l akad\u00e1lyment\u00e9sebb lehet ez a folyamat. Ha nem tal\u00e1lkozik valaki t\u00f6bbsz\u00f6r a mesterrel, akit\u0151l a shaktiphtot \u201ckapta\u201d, ez az energia akkor is vezetni fogja. V\u00e9letlen tal\u00e1lkoz\u00e1sokon, k\u00f6nyveken, vagy ak\u00e1r f\u00e1jdalmakon kereszt\u00fcl\u2026.De min\u00e9l ink\u00e1bb meghajlik az univerzum akarata el\u0151tt, ann\u00e1l akad\u00e1lymentesebb, \u00e9s az ego sz\u00e1m\u00e1ra is \u00e9lvezetesebb, szeretetteljesebb ez az \u00e1talakul\u00e1s.<\/p><p>J\u00f3magam is sok \u201chib\u00e1t&#8221; elk\u00f6vettem. S ez t\u00e9nyleg egy keskeny \u00f6sv\u00e9ny, k\u00f6nny\u0171 let\u00e9rni, sok a k\u00eds\u00e9rt\u00e9s, \u00e9s sz\u00e1momra fontos volt, hogy van jelenleg a f\u00f6ld\u00f6n egy l\u00e9ny akire csup\u00e1n gondolnom kell, \u00e9s \u00e9rzem \u00fajra a vezettet\u00e9st.<\/p><p>A Guru vonal, akihez engem rendelt az \u00e9let m\u00e9g tal\u00e1n ismert is lehet az \u00cdzek Im\u00e1k Szerelmek c\u00edm\u0171 filmb\u0151l\u2026.Julia Roberts, Guru Muktananda Ashramj\u00e1ban \u00e9nekli a Guru Git\u00e1t ami egy csod\u00e1latos energia\u00e9breszt\u0151 Sztotram (ez egy hossz\u00fa ima szanszkrit nyelven).<\/p><p>Muktananda guruja Nityananda volt, az \u00e9n mesterem pedig Muktananda beavatottja. Sri Vasudeva.<\/p><p>Guruji (Sri Vasudeva) egy fantasztikus Ashramot \u00e9p\u00edtett Trinidad Tobagon ahol \u00e9n is t\u00f6bbsz\u00f6r megfordultam, egy ECO Projectet vezet, \u00e9s m\u00e9g sok csoda veszi k\u00f6r\u00fcl. Egy szelet f\u00f6ldi menyorsz\u00e1g.<\/p><p>B\u0151vebben r\u00f3la, \u00e9s munk\u00e1ss\u00e1g\u00e1r\u00f3l itt olvashattok:<\/p><p>magyarul: www.bluestarhungary.hu<br \/>angolul: www.sri-vasudeva.com\u00a0www.blue-star.org<\/p><p>Mag\u00e1r\u00f3l a siddha j\u00f3g\u00e1r\u00f3l pedig itt tal\u00e1lhattok b\u0151vebb inform\u00e1ci\u00f3t:<\/p><p>angolul: www.siddhayoga.org<\/p><p>Namaskar<\/p>\t\t\t\t\t\t\t\t<\/div>\n\t\t\t\t<\/div>\n\t\t\t\t<\/div>\n\t\t<div class=\"elementor-element elementor-element-b53fe7c e-con-full e-flex e-con e-child\" data-id=\"b53fe7c\" data-element_type=\"container\" data-e-type=\"container\">\n\t\t\t\t<div class=\"elementor-element elementor-element-b61994c elementor-widget elementor-widget-image\" data-id=\"b61994c\" data-element_type=\"widget\" data-e-type=\"widget\" data-widget_type=\"image.default\">\n\t\t\t\t<div class=\"elementor-widget-container\">\n\t\t\t\t\t\t\t\t\t\t\t\t\t\t\t<img fetchpriority=\"high\" decoding=\"async\" width=\"394\" height=\"570\" src=\"https:\/\/maheshmusic.hu\/wp-content\/uploads\/2022\/08\/baba-nityananda.jpg\" class=\"attachment-large size-large wp-image-686\" alt=\"\" srcset=\"https:\/\/maheshmusic.hu\/wp-content\/uploads\/2022\/08\/baba-nityananda.jpg 394w, https:\/\/maheshmusic.hu\/wp-content\/uploads\/2022\/08\/baba-nityananda-207x300.jpg 207w, https:\/\/maheshmusic.hu\/wp-content\/uploads\/2022\/08\/baba-nityananda-8x12.jpg 8w\" sizes=\"(max-width: 394px) 100vw, 394px\" \/>\t\t\t\t\t\t\t\t\t\t\t\t\t\t\t<\/div>\n\t\t\t\t<\/div>\n\t\t\t\t<div class=\"elementor-element elementor-element-84c9134 elementor-widget elementor-widget-image\" data-id=\"84c9134\" data-element_type=\"widget\" data-e-type=\"widget\" data-widget_type=\"image.default\">\n\t\t\t\t<div class=\"elementor-widget-container\">\n\t\t\t\t\t\t\t\t\t\t\t\t\t\t\t<img decoding=\"async\" width=\"201\" height=\"251\" src=\"https:\/\/maheshmusic.hu\/wp-content\/uploads\/2022\/08\/swami-muktananda.jpg\" class=\"attachment-large size-large wp-image-687\" alt=\"\" srcset=\"https:\/\/maheshmusic.hu\/wp-content\/uploads\/2022\/08\/swami-muktananda.jpg 201w, https:\/\/maheshmusic.hu\/wp-content\/uploads\/2022\/08\/swami-muktananda-10x12.jpg 10w\" sizes=\"(max-width: 201px) 100vw, 201px\" \/>\t\t\t\t\t\t\t\t\t\t\t\t\t\t\t<\/div>\n\t\t\t\t<\/div>\n\t\t\t\t<div class=\"elementor-element elementor-element-7b620b3 elementor-widget elementor-widget-image\" data-id=\"7b620b3\" data-element_type=\"widget\" data-e-type=\"widget\" data-widget_type=\"image.default\">\n\t\t\t\t<div class=\"elementor-widget-container\">\n\t\t\t\t\t\t\t\t\t\t\t\t\t\t\t<img decoding=\"async\" width=\"420\" height=\"262\" src=\"https:\/\/maheshmusic.hu\/wp-content\/uploads\/2022\/08\/sri-vasudeva.jpg\" class=\"attachment-large size-large wp-image-688\" alt=\"\" srcset=\"https:\/\/maheshmusic.hu\/wp-content\/uploads\/2022\/08\/sri-vasudeva.jpg 420w, https:\/\/maheshmusic.hu\/wp-content\/uploads\/2022\/08\/sri-vasudeva-300x187.jpg 300w, https:\/\/maheshmusic.hu\/wp-content\/uploads\/2022\/08\/sri-vasudeva-18x12.jpg 18w\" sizes=\"(max-width: 420px) 100vw, 420px\" \/>\t\t\t\t\t\t\t\t\t\t\t\t\t\t\t<\/div>\n\t\t\t\t<\/div>\n\t\t\t\t<\/div>\n\t\t\t\t\t<\/div>\n\t\t\t\t<\/div>\n\t\t\t\t<\/div>\n\t\t","protected":false},"excerpt":{"rendered":"<p>Mahaj\u00f3ga, Siddhaj\u00f3ga, Guruj\u00f3ga Az \u00fat amely megv\u00e1ltoztatta az \u00e9letemet a kundalini utak egyike. Annyiban k\u00fcl\u00f6nb\u00f6zik a manaps\u00e1g sz\u00e9lesebb k\u00f6rben ismert \u201ckundalini j\u00f3g\u00e1t\u00f3l\u201d, hogy ez egy teljesen spont\u00e1n j\u00f3ga. Az elind\u00edt\u00f3ja az \u00fagynevezett \u201cshaktipat\u201d amely energia\u00e1tad\u00e1st jelent. Amikor a tan\u00edtv\u00e1ny k\u00e9szen \u00e1ll, megjelenik a mester. Ez a mester lehet fizikai szem\u00e9ly, vagy egy mester valamely m\u00e1sik [&hellip;]<\/p>\n","protected":false},"author":1,"featured_media":0,"parent":0,"menu_order":0,"comment_status":"closed","ping_status":"closed","template":"elementor_header_footer","meta":{"footnotes":""},"class_list":["post-787","page","type-page","status-publish","hentry"],"_links":{"self":[{"href":"https:\/\/maheshmusic.hu\/en\/wp-json\/wp\/v2\/pages\/787","targetHints":{"allow":["GET"]}}],"collection":[{"href":"https:\/\/maheshmusic.hu\/en\/wp-json\/wp\/v2\/pages"}],"about":[{"href":"https:\/\/maheshmusic.hu\/en\/wp-json\/wp\/v2\/types\/page"}],"author":[{"embeddable":true,"href":"https:\/\/maheshmusic.hu\/en\/wp-json\/wp\/v2\/users\/1"}],"replies":[{"embeddable":true,"href":"https:\/\/maheshmusic.hu\/en\/wp-json\/wp\/v2\/comments?post=787"}],"version-history":[{"count":8,"href":"https:\/\/maheshmusic.hu\/en\/wp-json\/wp\/v2\/pages\/787\/revisions"}],"predecessor-version":[{"id":1741,"href":"https:\/\/maheshmusic.hu\/en\/wp-json\/wp\/v2\/pages\/787\/revisions\/1741"}],"wp:attachment":[{"href":"https:\/\/maheshmusic.hu\/en\/wp-json\/wp\/v2\/media?parent=787"}],"curies":[{"name":"wp","href":"https:\/\/api.w.org\/{rel}","templated":true}]}}